{"id":5519,"date":"2020-06-10T16:52:20","date_gmt":"2020-06-10T14:52:20","guid":{"rendered":"https:\/\/www.karman-associes.com\/partnerships\/master-ii-droit-et-pratique-des-relations-de-travail-universite-paris-ii-pantheon-assas\/"},"modified":"2020-06-10T18:42:57","modified_gmt":"2020-06-10T16:42:57","slug":"master-ii-droit-et-pratique-des-relations-de-travail-universite-paris-ii-pantheon-assas","status":"publish","type":"page","link":"https:\/\/www.karman-associes.com\/en\/partnerships\/master-ii-droit-et-pratique-des-relations-de-travail-universite-paris-ii-pantheon-assas\/","title":{"rendered":"Master II Droit et pratique des relations de travail \u2013 Universit\u00e9 Paris II Panth\u00e9on-Assas"},"content":{"rendered":"<div class=\"wpb-content-wrapper\"><p>[vc_row type=&#8221;vc_default&#8221; full_width=&#8221;stretch_row_content_no_spaces&#8221; full_height=&#8221;yes&#8221; columns_placement=&#8221;stretch&#8221; equal_height=&#8221;yes&#8221; content_placement=&#8221;middle&#8221; css_animation=&#8221;fadeIn&#8221; full_width_row=&#8221;true&#8221; padding_left=&#8221;0&#8243; padding_right=&#8221;0&#8243; bg_type=&#8221;image&#8221; parallax_style=&#8221;vcpb-default&#8221; bg_image_new=&#8221;id^4968|url^https:\/\/www.karman-associes.com\/wp-content\/uploads\/2020\/06\/DPRT-1.jpg|caption^null|alt^null|title^DPRT|description^null&#8221; bg_image_repeat=&#8221;no-repeat&#8221; ult_hide_row=&#8221;ult_hide_row_value&#8221; ult_hide_row_tablet=&#8221;tablet&#8221; ult_hide_row_tablet_small=&#8221;xs_tablet&#8221; ult_hide_row_mobile=&#8221;mobile&#8221; ult_hide_row_mobile_large=&#8221;xl_mobile&#8221; min_height=&#8221;100%&#8221;][vc_column css_animation=&#8221;fadeInUp&#8221; width=&#8221;1\/2&#8243; offset=&#8221;vc_hidden-sm vc_hidden-xs&#8221; css=&#8221;.vc_custom_1546991309836{padding-right: 25% !important;padding-left: 25% !important;}&#8221;][vc_single_image image=&#8221;1809&#8243; img_size=&#8221;full&#8221; alignment=&#8221;center&#8221;][\/vc_column][vc_column width=&#8221;1\/2&#8243; css=&#8221;.vc_custom_1591025270249{padding-right: 15% !important;padding-left: 15% !important;background-color: rgba(255,255,255,0.9) !important;*background-color: rgb(255,255,255) !important;}&#8221;][vc_column_text css=&#8221;.vc_custom_1591782959017{background-color: rgba(0,183,196,0.01) !important;*background-color: rgb(0,183,196) !important;}&#8221;]<\/p>\n<p style=\"text-align: justify;\">KARMAN is very honored to have been chosen to be the sponsor of the 2018\/2019 class of the Master II Droit et pratique des relations de travail (DPRT) of the Universit\u00e9 Paris II Panth\u00e9on-Assas.<\/p>\n<p style=\"text-align: justify;\">The DPRT, which has become key on the labour market over the years, is more than a diploma; it now embodies a certain vision of labor law.<\/p>\n<p style=\"text-align: justify;\">From the outset, Professor Bernard Teyssi\u00e9 has indeed succeeded in bringing the world of business into the University and in creating, so to speak, a new subject: the &#8220;corporate labor law&#8221; (&#8220;droit social de l\u2019entreprise&#8221;).<\/p>\n<p style=\"text-align: justify;\">Strengthened by this teaching, there are now more than 1,200 recognised experts working in a very large number of companies and law firms, both in France and abroad.<\/p>\n<p style=\"text-align: justify;\">Professor Jean-Fran\u00e7ois Cesaro has picked up the torch and has already set up a number of projects to which KARMAN has been very happy to contribute in the framework of its sponsorship, in particular one aimed at increasing the already certain visibility of the diploma, as well as further facilitating the integration of new graduates into the labour market.<\/p>\n<p style=\"text-align: justify;\">Beyond the sponsorship of the 2018\/2019 class, KARMAN is committed each year to the DPRT in order to train students in labour law techniques through seminars and to contribute to the influence of the training and its network.<\/p>\n<p>[\/vc_column_text][vc_row_inner css=&#8221;.vc_custom_1546991647452{margin-right: 0px !important;margin-left: 0px !important;}&#8221;][vc_column_inner width=&#8221;1\/2&#8243;]<div class=\" vc_custom_1591807255502 ubtn-ctn-center \"><a class=\"ubtn-link ult-adjust-bottom-margin ubtn-center ubtn-normal \" href=\"https:\/\/www.karman-associes.com\/en\/partnerships\/sciences-po-law-school\/\" title=\"Sciences Po Law School\" ><button type=\"button\" id=\"ubtn-9822\"  class=\"ubtn ult-adjust-bottom-margin ult-responsive ubtn-normal ubtn-fade-bg  none  ubtn-center   tooltip-69d77e594828a\"  data-hover=\"#ffffff\" data-border-color=\"#ffffff\" data-bg=\"#000000\" data-hover-bg=\"#b08d57\" data-border-hover=\"rgba(255,255,255,0.01)\" data-shadow-hover=\"\" data-shadow-click=\"none\" data-shadow=\"\" data-shd-shadow=\"\"  data-ultimate-target='#ubtn-9822'  data-responsive-json-new='{\"font-size\":\"desktop:14px;\",\"line-height\":\"desktop:18px;\"}'  style=\"font-family:&#039;Work Sans&#039;;font-weight:500;border-radius:0px;border-width:0px;border-color:#ffffff;border-style:solid;background: #000000;color: #ffffff;\"><span class=\"ubtn-hover\" style=\"background-color:#b08d57\"><\/span><span class=\"ubtn-data ubtn-text \" >SCIENCES PO LAW SCHOOL<\/span><\/button><\/a><\/div>[\/vc_column_inner][vc_column_inner width=&#8221;1\/2&#8243;]<div class=\" vc_custom_1591807372588 ubtn-ctn-center \"><a class=\"ubtn-link ult-adjust-bottom-margin ubtn-center ubtn-normal \" href=\"https:\/\/www.karman-associes.com\/en\/partnerships\/cercle-leadership-leaders-league\/\" title=\"Cercle Leadership \u2013 Leaders League\" ><button type=\"button\" id=\"ubtn-2104\"  class=\"ubtn ult-adjust-bottom-margin ult-responsive ubtn-normal ubtn-fade-bg  none  ubtn-center   tooltip-69d77e5948386\"  data-hover=\"#ffffff\" data-border-color=\"#ffffff\" data-bg=\"#000000\" data-hover-bg=\"#b08d57\" data-border-hover=\"rgba(255,255,255,0.01)\" data-shadow-hover=\"\" data-shadow-click=\"none\" data-shadow=\"\" data-shd-shadow=\"\"  data-ultimate-target='#ubtn-2104'  data-responsive-json-new='{\"font-size\":\"desktop:14px;\",\"line-height\":\"desktop:18px;\"}'  style=\"font-family:&#039;Work Sans&#039;;font-weight:500;border-radius:0px;border-width:0px;border-color:#ffffff;border-style:solid;background: #000000;color: #ffffff;\"><span class=\"ubtn-hover\" style=\"background-color:#b08d57\"><\/span><span class=\"ubtn-data ubtn-text \" >LEADERS LEAGUE<\/span><\/button><\/a><\/div>[\/vc_column_inner][\/vc_row_inner][\/vc_column][\/vc_row][vc_row type=&#8221;vc_default&#8221; full_width=&#8221;stretch_row_content_no_spaces&#8221; full_height=&#8221;yes&#8221; columns_placement=&#8221;stretch&#8221; equal_height=&#8221;yes&#8221; content_placement=&#8221;middle&#8221; css_animation=&#8221;fadeIn&#8221; full_width_row=&#8221;true&#8221; padding_left=&#8221;0&#8243; padding_right=&#8221;0&#8243; bg_type=&#8221;bg_color&#8221; ult_hide_row=&#8221;ult_hide_row_value&#8221; ult_hide_row_large_screen=&#8221;large_screen&#8221; ult_hide_row_desktop=&#8221;desktop&#8221; min_height=&#8221;100%&#8221; bg_color_value=&#8221;rgba(255,255,255,0.01)&#8221; css=&#8221;.vc_custom_1546991381452{margin-right: 0px !important;margin-left: 0px !important;}&#8221;][vc_column css_animation=&#8221;fadeIn&#8221; css=&#8221;.vc_custom_1546889400968{margin-top: 0px !important;margin-right: 0px !important;margin-bottom: 0px !important;margin-left: 0px !important;padding-top: 0px !important;padding-right: 0px !important;padding-bottom: 0px !important;padding-left: 0px !important;}&#8221;][vc_row_inner content_placement=&#8221;middle&#8221;][vc_column_inner css=&#8221;.vc_custom_1591782679768{padding-right: 15% !important;padding-left: 15% !important;background-image: url(https:\/\/www.karman-associes.com\/wp-content\/uploads\/2020\/06\/DPRT-1.jpg?id=4968) !important;background-position: center !important;background-repeat: no-repeat !important;background-size: cover !important;}&#8221;][vc_single_image image=&#8221;1809&#8243; img_size=&#8221;full&#8221; alignment=&#8221;center&#8221; css=&#8221;.vc_custom_1591790117994{padding-top: 20% !important;}&#8221;][\/vc_column_inner][\/vc_row_inner][vc_row_inner content_placement=&#8221;middle&#8221;][vc_column_inner css=&#8221;.vc_custom_1591783097749{padding-right: 10% !important;padding-left: 10% !important;background-color: #ffffff !important;}&#8221;][vc_column_text css=&#8221;.vc_custom_1591782965169{background-color: rgba(0,183,196,0.01) !important;*background-color: rgb(0,183,196) !important;}&#8221;]<\/p>\n<p style=\"text-align: justify;\">KARMAN is very honored to have been chosen to be the sponsor of the 2018\/2019 class of the Master II Droit et pratique des relations de travail (DPRT) of the Universit\u00e9 Paris II Panth\u00e9on-Assas.<\/p>\n<p style=\"text-align: justify;\">The DPRT, which has become key on the labour market over the years, is more than a diploma; it now embodies a certain vision of labor law.<\/p>\n<p style=\"text-align: justify;\">From the outset, Professor Bernard Teyssi\u00e9 has indeed succeeded in bringing the world of business into the University and in creating, so to speak, a new subject: the &#8220;corporate labor law&#8221; (&#8220;droit social de l\u2019entreprise&#8221;).<\/p>\n<p style=\"text-align: justify;\">Strengthened by this teaching, there are now more than 1,200 recognised experts working in a very large number of companies and law firms, both in France and abroad.<\/p>\n<p style=\"text-align: justify;\">Professor Jean-Fran\u00e7ois Cesaro has picked up the torch and has already set up a number of projects to which KARMAN has been very happy to contribute in the framework of its sponsorship, in particular one aimed at increasing the already certain visibility of the diploma, as well as further facilitating the integration of new graduates into the labour market.<\/p>\n<p style=\"text-align: justify;\">Beyond the sponsorship of the 2018\/2019 class, KARMAN is committed each year to the DPRT in order to train students in labour law techniques through seminars and to contribute to the influence of the training and its network.<\/p>\n<p>[\/vc_column_text]<div class=\" vc_custom_1591025641693 ubtn-ctn-center \"><a class=\"ubtn-link ult-adjust-bottom-margin ubtn-center ubtn-normal \" href=\"https:\/\/www.karman-associes.com\/partenariats\/ecole-de-droit-de-sciences-po-paris\/\" ><button type=\"button\" id=\"ubtn-5068\"  class=\"ubtn ult-adjust-bottom-margin ult-responsive ubtn-normal ubtn-fade-bg  none  ubtn-center   tooltip-69d77e594842d\"  data-hover=\"#ffffff\" data-border-color=\"#ffffff\" data-bg=\"#000000\" data-hover-bg=\"#b08d57\" data-border-hover=\"rgba(255,255,255,0.01)\" data-shadow-hover=\"\" data-shadow-click=\"none\" data-shadow=\"\" data-shd-shadow=\"\"  data-ultimate-target='#ubtn-5068'  data-responsive-json-new='{\"font-size\":\"desktop:14px;\",\"line-height\":\"desktop:18px;\"}'  style=\"font-family:&#039;Work Sans&#039;;font-weight:500;border-radius:0px;border-width:0px;border-color:#ffffff;border-style:solid;background: #000000;color: #ffffff;\"><span class=\"ubtn-hover\" style=\"background-color:#b08d57\"><\/span><span class=\"ubtn-data ubtn-text \" >PARTNERSHIP OF SCIENCES PO<\/span><\/button><\/a><\/div><div class=\" vc_custom_1591782918281 ubtn-ctn-center \"><a class=\"ubtn-link ult-adjust-bottom-margin ubtn-center ubtn-normal \" href=\"https:\/\/www.karman-associes.com\/partenariats\/cercle-leadership-leaders-league\/\" ><button type=\"button\" id=\"ubtn-1653\"  class=\"ubtn ult-adjust-bottom-margin ult-responsive ubtn-normal ubtn-fade-bg  none  ubtn-center   tooltip-69d77e59484d0\"  data-hover=\"#ffffff\" data-border-color=\"#ffffff\" data-bg=\"#000000\" data-hover-bg=\"#b08d57\" data-border-hover=\"rgba(255,255,255,0.01)\" data-shadow-hover=\"\" data-shadow-click=\"none\" data-shadow=\"\" data-shd-shadow=\"\"  data-ultimate-target='#ubtn-1653'  data-responsive-json-new='{\"font-size\":\"desktop:14px;\",\"line-height\":\"desktop:18px;\"}'  style=\"font-family:&#039;Work Sans&#039;;font-weight:500;border-radius:0px;border-width:0px;border-color:#ffffff;border-style:solid;background: #000000;color: #ffffff;\"><span class=\"ubtn-hover\" style=\"background-color:#b08d57\"><\/span><span class=\"ubtn-data ubtn-text \" >LEADERS LEAGUE<\/span><\/button><\/a><\/div>[\/vc_column_inner][\/vc_row_inner][\/vc_column][\/vc_row][vc_row full_width=&#8221;stretch_row_content_no_spaces&#8221; css=&#8221;.vc_custom_1546852889585{margin: 0px !important;padding: 0px !important;}&#8221;][vc_column css=&#8221;.vc_custom_1546852999250{margin: 0px !important;padding: 0px !important;}&#8221;][\/vc_column][\/vc_row]<\/p>\n<\/div>","protected":false},"excerpt":{"rendered":"<p>[vc_row type=&#8221;vc_default&#8221; full_width=&#8221;stretch_row_content_no_spaces&#8221; full_height=&#8221;yes&#8221; columns_placement=&#8221;stretch&#8221; equal_height=&#8221;yes&#8221; content_placement=&#8221;middle&#8221; css_animation=&#8221;fadeIn&#8221; full_width_row=&#8221;true&#8221; padding_left=&#8221;0&#8243; padding_right=&#8221;0&#8243; bg_type=&#8221;image&#8221; parallax_style=&#8221;vcpb-default&#8221; bg_image_new=&#8221;id^4968|url^https:\/\/www.karman-associes.com\/wp-content\/uploads\/2020\/06\/DPRT-1.jpg|caption^null|alt^null|title^DPRT|description^null&#8221; bg_image_repeat=&#8221;no-repeat&#8221; ult_hide_row=&#8221;ult_hide_row_value&#8221; ult_hide_row_tablet=&#8221;tablet&#8221; ult_hide_row_tablet_small=&#8221;xs_tablet&#8221; ult_hide_row_mobile=&#8221;mobile&#8221; ult_hide_row_mobile_large=&#8221;xl_mobile&#8221; min_height=&#8221;100%&#8221;][vc_column css_animation=&#8221;fadeInUp&#8221; width=&#8221;1\/2&#8243; offset=&#8221;vc_hidden-sm vc_hidden-xs&#8221; css=&#8221;.vc_custom_1546991309836{padding-right: 25% !important;padding-left: 25% !important;}&#8221;][vc_single_image image=&#8221;1809&#8243; img_size=&#8221;full&#8221; alignment=&#8221;center&#8221;][\/vc_column][vc_column width=&#8221;1\/2&#8243; css=&#8221;.vc_custom_1591025270249{padding-right: 15% !important;padding-left: 15% !important;background-color: rgba(255,255,255,0.9) !important;*background-color: rgb(255,255,255) !important;}&#8221;][vc_column_text css=&#8221;.vc_custom_1591782959017{background-color: rgba(0,183,196,0.01) !important;*background-color: rgb(0,183,196) !important;}&#8221;] KARMAN is very honored to have been&hellip;<\/p>\n","protected":false},"author":2,"featured_media":0,"parent":5509,"menu_order":85,"comment_status":"closed","ping_status":"closed","template":"template-microsite.php","meta":{"_acf_changed":false,"inline_featured_image":false,"footnotes":""},"class_list":["post-5519","page","type-page","status-publish","hentry","description-off"],"acf":[],"yoast_head":"<!-- This site is optimized with the Yoast SEO plugin v27.3 - https:\/\/yoast.com\/product\/yoast-seo-wordpress\/ -->\n<title>Master II Droit et pratique des relations de travail \u2013 Universit\u00e9 Paris II Panth\u00e9on-Assas - KARMAN Associ\u00e9s<\/title>\n<meta name=\"robots\" content=\"index, follow, max-snippet:-1, max-image-preview:large, max-video-preview:-1\" \/>\n<link rel=\"canonical\" href=\"https:\/\/www.karman-associes.com\/en\/partnerships\/master-ii-droit-et-pratique-des-relations-de-travail-universite-paris-ii-pantheon-assas\/\" \/>\n<meta property=\"og:locale\" content=\"en_US\" \/>\n<meta property=\"og:type\" content=\"article\" \/>\n<meta property=\"og:title\" content=\"Master II Droit et pratique des relations de travail \u2013 Universit\u00e9 Paris II Panth\u00e9on-Assas - KARMAN Associ\u00e9s\" \/>\n<meta property=\"og:description\" content=\"[vc_row type=&#8221;vc_default&#8221; full_width=&#8221;stretch_row_content_no_spaces&#8221; full_height=&#8221;yes&#8221; columns_placement=&#8221;stretch&#8221; equal_height=&#8221;yes&#8221; content_placement=&#8221;middle&#8221; css_animation=&#8221;fadeIn&#8221; full_width_row=&#8221;true&#8221; padding_left=&#8221;0&#8243; padding_right=&#8221;0&#8243; bg_type=&#8221;image&#8221; parallax_style=&#8221;vcpb-default&#8221; bg_image_new=&#8221;id^4968|url^https:\/\/www.karman-associes.com\/wp-content\/uploads\/2020\/06\/DPRT-1.jpg|caption^null|alt^null|title^DPRT|description^null&#8221; bg_image_repeat=&#8221;no-repeat&#8221; ult_hide_row=&#8221;ult_hide_row_value&#8221; ult_hide_row_tablet=&#8221;tablet&#8221; ult_hide_row_tablet_small=&#8221;xs_tablet&#8221; ult_hide_row_mobile=&#8221;mobile&#8221; ult_hide_row_mobile_large=&#8221;xl_mobile&#8221; min_height=&#8221;100%&#8221;][vc_column css_animation=&#8221;fadeInUp&#8221; width=&#8221;1\/2&#8243; offset=&#8221;vc_hidden-sm vc_hidden-xs&#8221; css=&#8221;.vc_custom_1546991309836{padding-right: 25% !important;padding-left: 25% !important;}&#8221;][vc_single_image image=&#8221;1809&#8243; img_size=&#8221;full&#8221; alignment=&#8221;center&#8221;][\/vc_column][vc_column width=&#8221;1\/2&#8243; css=&#8221;.vc_custom_1591025270249{padding-right: 15% !important;padding-left: 15% !important;background-color: rgba(255,255,255,0.9) !important;*background-color: rgb(255,255,255) !important;}&#8221;][vc_column_text css=&#8221;.vc_custom_1591782959017{background-color: rgba(0,183,196,0.01) !important;*background-color: rgb(0,183,196) !important;}&#8221;] KARMAN is very honored to have been&hellip;\" \/>\n<meta property=\"og:url\" content=\"https:\/\/www.karman-associes.com\/en\/partnerships\/master-ii-droit-et-pratique-des-relations-de-travail-universite-paris-ii-pantheon-assas\/\" \/>\n<meta property=\"og:site_name\" content=\"KARMAN Associ\u00e9s\" \/>\n<meta property=\"article:modified_time\" content=\"2020-06-10T16:42:57+00:00\" \/>\n<meta name=\"twitter:card\" content=\"summary_large_image\" \/>\n<meta name=\"twitter:label1\" content=\"Est. reading time\" \/>\n\t<meta name=\"twitter:data1\" content=\"6 minutes\" \/>\n<script type=\"application\/ld+json\" class=\"yoast-schema-graph\">{\"@context\":\"https:\\\/\\\/schema.org\",\"@graph\":[{\"@type\":\"WebPage\",\"@id\":\"https:\\\/\\\/www.karman-associes.com\\\/en\\\/partnerships\\\/master-ii-droit-et-pratique-des-relations-de-travail-universite-paris-ii-pantheon-assas\\\/\",\"url\":\"https:\\\/\\\/www.karman-associes.com\\\/en\\\/partnerships\\\/master-ii-droit-et-pratique-des-relations-de-travail-universite-paris-ii-pantheon-assas\\\/\",\"name\":\"Master II Droit et pratique des relations de travail \u2013 Universit\u00e9 Paris II Panth\u00e9on-Assas - KARMAN Associ\u00e9s\",\"isPartOf\":{\"@id\":\"https:\\\/\\\/www.karman-associes.com\\\/#website\"},\"datePublished\":\"2020-06-10T14:52:20+00:00\",\"dateModified\":\"2020-06-10T16:42:57+00:00\",\"breadcrumb\":{\"@id\":\"https:\\\/\\\/www.karman-associes.com\\\/en\\\/partnerships\\\/master-ii-droit-et-pratique-des-relations-de-travail-universite-paris-ii-pantheon-assas\\\/#breadcrumb\"},\"inLanguage\":\"en-US\",\"potentialAction\":[{\"@type\":\"ReadAction\",\"target\":[\"https:\\\/\\\/www.karman-associes.com\\\/en\\\/partnerships\\\/master-ii-droit-et-pratique-des-relations-de-travail-universite-paris-ii-pantheon-assas\\\/\"]}]},{\"@type\":\"BreadcrumbList\",\"@id\":\"https:\\\/\\\/www.karman-associes.com\\\/en\\\/partnerships\\\/master-ii-droit-et-pratique-des-relations-de-travail-universite-paris-ii-pantheon-assas\\\/#breadcrumb\",\"itemListElement\":[{\"@type\":\"ListItem\",\"position\":1,\"name\":\"Accueil\",\"item\":\"https:\\\/\\\/www.karman-associes.com\\\/en\\\/\"},{\"@type\":\"ListItem\",\"position\":2,\"name\":\"Partnerships\",\"item\":\"https:\\\/\\\/www.karman-associes.com\\\/en\\\/partnerships\\\/\"},{\"@type\":\"ListItem\",\"position\":3,\"name\":\"Master II Droit et pratique des relations de travail \u2013 Universit\u00e9 Paris II Panth\u00e9on-Assas\"}]},{\"@type\":\"WebSite\",\"@id\":\"https:\\\/\\\/www.karman-associes.com\\\/#website\",\"url\":\"https:\\\/\\\/www.karman-associes.com\\\/\",\"name\":\"KARMAN Associ\u00e9s\",\"description\":\"Beyond the Lines | Avocats au Barreau de Paris\",\"publisher\":{\"@id\":\"https:\\\/\\\/www.karman-associes.com\\\/#organization\"},\"potentialAction\":[{\"@type\":\"SearchAction\",\"target\":{\"@type\":\"EntryPoint\",\"urlTemplate\":\"https:\\\/\\\/www.karman-associes.com\\\/?s={search_term_string}\"},\"query-input\":{\"@type\":\"PropertyValueSpecification\",\"valueRequired\":true,\"valueName\":\"search_term_string\"}}],\"inLanguage\":\"en-US\"},{\"@type\":\"Organization\",\"@id\":\"https:\\\/\\\/www.karman-associes.com\\\/#organization\",\"name\":\"Karman Associ\u00e9s\",\"url\":\"https:\\\/\\\/www.karman-associes.com\\\/\",\"logo\":{\"@type\":\"ImageObject\",\"inLanguage\":\"en-US\",\"@id\":\"https:\\\/\\\/www.karman-associes.com\\\/#\\\/schema\\\/logo\\\/image\\\/\",\"url\":\"https:\\\/\\\/www.karman-associes.com\\\/wp-content\\\/uploads\\\/2020\\\/05\\\/logo-K.svg\",\"contentUrl\":\"https:\\\/\\\/www.karman-associes.com\\\/wp-content\\\/uploads\\\/2020\\\/05\\\/logo-K.svg\",\"width\":\"1024\",\"height\":\"1024\",\"caption\":\"Karman Associ\u00e9s\"},\"image\":{\"@id\":\"https:\\\/\\\/www.karman-associes.com\\\/#\\\/schema\\\/logo\\\/image\\\/\"},\"sameAs\":[\"https:\\\/\\\/www.linkedin.com\\\/company\\\/vivant-chiss\"]}]}<\/script>\n<!-- \/ Yoast SEO plugin. -->","yoast_head_json":{"title":"Master II Droit et pratique des relations de travail \u2013 Universit\u00e9 Paris II Panth\u00e9on-Assas - KARMAN Associ\u00e9s","robots":{"index":"index","follow":"follow","max-snippet":"max-snippet:-1","max-image-preview":"max-image-preview:large","max-video-preview":"max-video-preview:-1"},"canonical":"https:\/\/www.karman-associes.com\/en\/partnerships\/master-ii-droit-et-pratique-des-relations-de-travail-universite-paris-ii-pantheon-assas\/","og_locale":"en_US","og_type":"article","og_title":"Master II Droit et pratique des relations de travail \u2013 Universit\u00e9 Paris II Panth\u00e9on-Assas - KARMAN Associ\u00e9s","og_description":"[vc_row type=&#8221;vc_default&#8221; full_width=&#8221;stretch_row_content_no_spaces&#8221; full_height=&#8221;yes&#8221; columns_placement=&#8221;stretch&#8221; equal_height=&#8221;yes&#8221; content_placement=&#8221;middle&#8221; css_animation=&#8221;fadeIn&#8221; full_width_row=&#8221;true&#8221; padding_left=&#8221;0&#8243; padding_right=&#8221;0&#8243; bg_type=&#8221;image&#8221; parallax_style=&#8221;vcpb-default&#8221; bg_image_new=&#8221;id^4968|url^https:\/\/www.karman-associes.com\/wp-content\/uploads\/2020\/06\/DPRT-1.jpg|caption^null|alt^null|title^DPRT|description^null&#8221; bg_image_repeat=&#8221;no-repeat&#8221; ult_hide_row=&#8221;ult_hide_row_value&#8221; ult_hide_row_tablet=&#8221;tablet&#8221; ult_hide_row_tablet_small=&#8221;xs_tablet&#8221; ult_hide_row_mobile=&#8221;mobile&#8221; ult_hide_row_mobile_large=&#8221;xl_mobile&#8221; min_height=&#8221;100%&#8221;][vc_column css_animation=&#8221;fadeInUp&#8221; width=&#8221;1\/2&#8243; offset=&#8221;vc_hidden-sm vc_hidden-xs&#8221; css=&#8221;.vc_custom_1546991309836{padding-right: 25% !important;padding-left: 25% !important;}&#8221;][vc_single_image image=&#8221;1809&#8243; img_size=&#8221;full&#8221; alignment=&#8221;center&#8221;][\/vc_column][vc_column width=&#8221;1\/2&#8243; css=&#8221;.vc_custom_1591025270249{padding-right: 15% !important;padding-left: 15% !important;background-color: rgba(255,255,255,0.9) !important;*background-color: rgb(255,255,255) !important;}&#8221;][vc_column_text css=&#8221;.vc_custom_1591782959017{background-color: rgba(0,183,196,0.01) !important;*background-color: rgb(0,183,196) !important;}&#8221;] KARMAN is very honored to have been&hellip;","og_url":"https:\/\/www.karman-associes.com\/en\/partnerships\/master-ii-droit-et-pratique-des-relations-de-travail-universite-paris-ii-pantheon-assas\/","og_site_name":"KARMAN Associ\u00e9s","article_modified_time":"2020-06-10T16:42:57+00:00","twitter_card":"summary_large_image","twitter_misc":{"Est. reading time":"6 minutes"},"schema":{"@context":"https:\/\/schema.org","@graph":[{"@type":"WebPage","@id":"https:\/\/www.karman-associes.com\/en\/partnerships\/master-ii-droit-et-pratique-des-relations-de-travail-universite-paris-ii-pantheon-assas\/","url":"https:\/\/www.karman-associes.com\/en\/partnerships\/master-ii-droit-et-pratique-des-relations-de-travail-universite-paris-ii-pantheon-assas\/","name":"Master II Droit et pratique des relations de travail \u2013 Universit\u00e9 Paris II Panth\u00e9on-Assas - KARMAN Associ\u00e9s","isPartOf":{"@id":"https:\/\/www.karman-associes.com\/#website"},"datePublished":"2020-06-10T14:52:20+00:00","dateModified":"2020-06-10T16:42:57+00:00","breadcrumb":{"@id":"https:\/\/www.karman-associes.com\/en\/partnerships\/master-ii-droit-et-pratique-des-relations-de-travail-universite-paris-ii-pantheon-assas\/#breadcrumb"},"inLanguage":"en-US","potentialAction":[{"@type":"ReadAction","target":["https:\/\/www.karman-associes.com\/en\/partnerships\/master-ii-droit-et-pratique-des-relations-de-travail-universite-paris-ii-pantheon-assas\/"]}]},{"@type":"BreadcrumbList","@id":"https:\/\/www.karman-associes.com\/en\/partnerships\/master-ii-droit-et-pratique-des-relations-de-travail-universite-paris-ii-pantheon-assas\/#breadcrumb","itemListElement":[{"@type":"ListItem","position":1,"name":"Accueil","item":"https:\/\/www.karman-associes.com\/en\/"},{"@type":"ListItem","position":2,"name":"Partnerships","item":"https:\/\/www.karman-associes.com\/en\/partnerships\/"},{"@type":"ListItem","position":3,"name":"Master II Droit et pratique des relations de travail \u2013 Universit\u00e9 Paris II Panth\u00e9on-Assas"}]},{"@type":"WebSite","@id":"https:\/\/www.karman-associes.com\/#website","url":"https:\/\/www.karman-associes.com\/","name":"KARMAN Associ\u00e9s","description":"Beyond the Lines | Avocats au Barreau de Paris","publisher":{"@id":"https:\/\/www.karman-associes.com\/#organization"},"potentialAction":[{"@type":"SearchAction","target":{"@type":"EntryPoint","urlTemplate":"https:\/\/www.karman-associes.com\/?s={search_term_string}"},"query-input":{"@type":"PropertyValueSpecification","valueRequired":true,"valueName":"search_term_string"}}],"inLanguage":"en-US"},{"@type":"Organization","@id":"https:\/\/www.karman-associes.com\/#organization","name":"Karman Associ\u00e9s","url":"https:\/\/www.karman-associes.com\/","logo":{"@type":"ImageObject","inLanguage":"en-US","@id":"https:\/\/www.karman-associes.com\/#\/schema\/logo\/image\/","url":"https:\/\/www.karman-associes.com\/wp-content\/uploads\/2020\/05\/logo-K.svg","contentUrl":"https:\/\/www.karman-associes.com\/wp-content\/uploads\/2020\/05\/logo-K.svg","width":"1024","height":"1024","caption":"Karman Associ\u00e9s"},"image":{"@id":"https:\/\/www.karman-associes.com\/#\/schema\/logo\/image\/"},"sameAs":["https:\/\/www.linkedin.com\/company\/vivant-chiss"]}]}},"_links":{"self":[{"href":"https:\/\/www.karman-associes.com\/en\/wp-json\/wp\/v2\/pages\/5519","targetHints":{"allow":["GET"]}}],"collection":[{"href":"https:\/\/www.karman-associes.com\/en\/wp-json\/wp\/v2\/pages"}],"about":[{"href":"https:\/\/www.karman-associes.com\/en\/wp-json\/wp\/v2\/types\/page"}],"author":[{"embeddable":true,"href":"https:\/\/www.karman-associes.com\/en\/wp-json\/wp\/v2\/users\/2"}],"replies":[{"embeddable":true,"href":"https:\/\/www.karman-associes.com\/en\/wp-json\/wp\/v2\/comments?post=5519"}],"version-history":[{"count":3,"href":"https:\/\/www.karman-associes.com\/en\/wp-json\/wp\/v2\/pages\/5519\/revisions"}],"predecessor-version":[{"id":5581,"href":"https:\/\/www.karman-associes.com\/en\/wp-json\/wp\/v2\/pages\/5519\/revisions\/5581"}],"up":[{"embeddable":true,"href":"https:\/\/www.karman-associes.com\/en\/wp-json\/wp\/v2\/pages\/5509"}],"wp:attachment":[{"href":"https:\/\/www.karman-associes.com\/en\/wp-json\/wp\/v2\/media?parent=5519"}],"curies":[{"name":"wp","href":"https:\/\/api.w.org\/{rel}","templated":true}]}}